{"id":8760,"date":"2022-09-05T13:34:41","date_gmt":"2022-09-05T12:34:41","guid":{"rendered":"https:\/\/numerikart.com\/?post_type=product&#038;p=8760"},"modified":"2025-04-12T12:51:23","modified_gmt":"2025-04-12T11:51:23","slug":"community-management","status":"publish","type":"product","link":"https:\/\/numerikart.com\/?product=community-management","title":{"rendered":"Community Management"},"content":{"rendered":"<p>Notre \u00e9quipe \u00e9labore,<br \/>\nanime et mod\u00e8re pour vous les r\u00e9seaux sociaux<br \/>\nde votre marque\u2026<\/p>\n<p>La pr\u00e9sence des entreprises sur les r\u00e9seaux sociaux est strat\u00e9gique pour<br \/>\ndiverses raisons, comme :<br \/>\n\u2022D&rsquo;\u00eatre plus visible.<br \/>\n\u2022Diffuser des informations.<br \/>\n\u2022Diffuser une image.<br \/>\n\u2022Constituer une communaut\u00e9.<br \/>\n\u2022Transformer ses clients en prescripteurs.<br \/>\nCes derni\u00e8res ann\u00e9es, de nombreuses entreprises ont cr\u00e9e un nouveau<br \/>\ndomaine d\u2019activit\u00e9 : le Community Management \u2013 Soit en missionnant un<br \/>\nd\u00e9partement pour le digital, ou en int\u00e9grant la pratique des r\u00e9seaux sociaux<br \/>\nau quotidien, \u00e0 tous les postes de l\u2019entreprise.<\/p>\n<div class=\"wpforms-container black\" id=\"wpforms-8840\"><form id=\"wpforms-form-8840\" class=\"wpforms-validate wpforms-form wpforms-ajax-form\" data-formid=\"8840\" method=\"post\" enctype=\"multipart\/form-data\" action=\"\/index.php?rest_route=%2Fwp%2Fv2%2Fproduct%2F8760\" data-token=\"732cfff0ff98375c6a7284072351dd89\"><noscript class=\"wpforms-error-noscript\">Veuillez activer JavaScript dans votre navigateur pour remplir ce formulaire.<\/noscript><div class=\"wpforms-field-container\"><div id=\"wpforms-8840-field_1-container\" class=\"wpforms-field wpforms-field-name\" data-field-id=\"1\"><label class=\"wpforms-field-label\" for=\"wpforms-8840-field_1\">Nom et Pr\u00e9nom <span class=\"wpforms-required-label\">*<\/span><\/label><div class=\"wpforms-field-row wpforms-field-medium\"><div class=\"wpforms-field-row-block wpforms-first wpforms-one-half\"><input type=\"text\" id=\"wpforms-8840-field_1\" class=\"wpforms-field-name-first wpforms-field-required\" name=\"wpforms[fields][1][first]\" required><label for=\"wpforms-8840-field_1\" class=\"wpforms-field-sublabel after \">Pr\u00e9nom<\/label><\/div><div class=\"wpforms-field-row-block wpforms-one-half\"><input type=\"text\" id=\"wpforms-8840-field_1-last\" class=\"wpforms-field-name-last wpforms-field-required\" name=\"wpforms[fields][1][last]\" required><label for=\"wpforms-8840-field_1-last\" class=\"wpforms-field-sublabel after \">Nom<\/label><\/div><\/div><\/div><div id=\"wpforms-8840-field_2-container\" class=\"wpforms-field wpforms-field-email\" data-field-id=\"2\"><label class=\"wpforms-field-label\" for=\"wpforms-8840-field_2\">Email<\/label><input type=\"email\" id=\"wpforms-8840-field_2\" class=\"wpforms-field-medium\" name=\"wpforms[fields][2]\" spellcheck=\"false\" ><\/div><div id=\"wpforms-8840-field_7-container\" class=\"wpforms-field wpforms-field-phone\" data-field-id=\"7\"><label class=\"wpforms-field-label\" for=\"wpforms-8840-field_7\">T\u00e9l\u00e9phone <span class=\"wpforms-required-label\">*<\/span><\/label><input type=\"tel\" id=\"wpforms-8840-field_7\" class=\"wpforms-field-medium wpforms-field-required wpforms-smart-phone-field\" data-rule-smart-phone-field=\"true\" name=\"wpforms[fields][7]\" required><\/div><div id=\"wpforms-8840-field_3-container\" class=\"wpforms-field wpforms-field-text\" data-field-id=\"3\"><label class=\"wpforms-field-label\" for=\"wpforms-8840-field_3\">Nom de votre entreprise<\/label><input type=\"text\" id=\"wpforms-8840-field_3\" class=\"wpforms-field-medium\" name=\"wpforms[fields][3]\" ><\/div><div id=\"wpforms-8840-field_4-container\" class=\"wpforms-field wpforms-field-radio\" data-field-id=\"4\"><label class=\"wpforms-field-label\" for=\"wpforms-8840-field_4\">Pour quelle service souhaitez-vous r\u00e9server ? <span class=\"wpforms-required-label\">*<\/span><\/label><ul id=\"wpforms-8840-field_4\" class=\"wpforms-field-required\"><li class=\"choice-1 depth-1\"><input type=\"radio\" id=\"wpforms-8840-field_4_1\" name=\"wpforms[fields][4]\" value=\"Cr\u00e9ation de vos pages sociales\" required ><label class=\"wpforms-field-label-inline\" for=\"wpforms-8840-field_4_1\">Cr\u00e9ation de vos pages sociales<\/label><\/li><li class=\"choice-2 depth-1\"><input type=\"radio\" id=\"wpforms-8840-field_4_2\" name=\"wpforms[fields][4]\" value=\"Gestion de vos pages existantes\" required ><label class=\"wpforms-field-label-inline\" for=\"wpforms-8840-field_4_2\">Gestion de vos pages existantes<\/label><\/li><li class=\"choice-6 depth-1\"><input type=\"radio\" id=\"wpforms-8840-field_4_6\" name=\"wpforms[fields][4]\" value=\"Accompagnement et coaching \" required ><label class=\"wpforms-field-label-inline\" for=\"wpforms-8840-field_4_6\">Accompagnement et coaching <\/label><\/li><li class=\"choice-8 depth-1\"><input type=\"radio\" id=\"wpforms-8840-field_4_8\" name=\"wpforms[fields][4]\" value=\"Autres\" required ><label class=\"wpforms-field-label-inline\" for=\"wpforms-8840-field_4_8\">Autres<\/label><\/li><\/ul><\/div><div id=\"wpforms-8840-field_6-container\" class=\"wpforms-field wpforms-field-textarea\" data-field-id=\"6\"><label class=\"wpforms-field-label\" for=\"wpforms-8840-field_6\">Questions ou Commentaires<\/label><textarea id=\"wpforms-8840-field_6\" class=\"wpforms-field-medium\" name=\"wpforms[fields][6]\" ><\/textarea><\/div><\/div><!-- .wpforms-field-container --><div class=\"wpforms-submit-container\" ><input type=\"hidden\" name=\"wpforms[id]\" value=\"8840\"><input type=\"hidden\" name=\"wpforms[author]\" value=\"1\"><button type=\"submit\" name=\"wpforms[submit]\" id=\"wpforms-submit-8840\" class=\"wpforms-submit\" data-alt-text=\"Envoi...\" data-submit-text=\"Envoyer \" aria-live=\"assertive\" value=\"wpforms-submit\">Envoyer <\/button><img decoding=\"async\" src=\"https:\/\/numerikart.com\/wp-content\/plugins\/wpforms\/assets\/images\/submit-spin.svg\" class=\"wpforms-submit-spinner\" style=\"display: none;\" width=\"26\" height=\"26\" alt=\"Chargement en cours\"><\/div><\/form><\/div>  <!-- .wpforms-container -->\n","protected":false},"excerpt":{"rendered":"<p>Notre \u00e9quipe \u00e9labore,<br \/>\nanime et mod\u00e8re pour vous les r\u00e9seaux sociaux<br \/>\nde votre marque\u2026<\/p>\n","protected":false},"featured_media":3593,"comment_status":"open","ping_status":"closed","template":"","meta":{"site-sidebar-layout":"default","site-content-layout":"default","ast-global-header-display":"","ast-banner-title-visibility":"","ast-main-header-display":"","ast-hfb-above-header-display":"","ast-hfb-below-header-display":"","ast-hfb-mobile-header-display":"","site-post-title":"","ast-breadcrumbs-content":"","ast-featured-img":"","footer-sml-layout":"","theme-transparent-header-meta":"default","adv-header-id-meta":"","stick-header-meta":"","header-above-stick-meta":"","header-main-stick-meta":"","header-below-stick-meta":""},"product_brand":[],"product_cat":[99,98,90],"product_tag":[],"class_list":{"0":"post-8760","1":"product","2":"type-product","3":"status-publish","4":"has-post-thumbnail","6":"product_cat-community-management","7":"product_cat-marketing-digital","8":"product_cat-services","9":"desktop-align-left","10":"tablet-align-left","11":"mobile-align-left","13":"first","14":"instock","15":"virtual","16":"taxable","17":"product-type-simple"},"_links":{"self":[{"href":"https:\/\/numerikart.com\/index.php?rest_route=\/wp\/v2\/product\/8760","targetHints":{"allow":["GET"]}}],"collection":[{"href":"https:\/\/numerikart.com\/index.php?rest_route=\/wp\/v2\/product"}],"about":[{"href":"https:\/\/numerikart.com\/index.php?rest_route=\/wp\/v2\/types\/product"}],"replies":[{"embeddable":true,"href":"https:\/\/numerikart.com\/index.php?rest_route=%2Fwp%2Fv2%2Fcomments&post=8760"}],"wp:featuredmedia":[{"embeddable":true,"href":"https:\/\/numerikart.com\/index.php?rest_route=\/wp\/v2\/media\/3593"}],"wp:attachment":[{"href":"https:\/\/numerikart.com\/index.php?rest_route=%2Fwp%2Fv2%2Fmedia&parent=8760"}],"wp:term":[{"taxonomy":"product_brand","embeddable":true,"href":"https:\/\/numerikart.com\/index.php?rest_route=%2Fwp%2Fv2%2Fproduct_brand&post=8760"},{"taxonomy":"product_cat","embeddable":true,"href":"https:\/\/numerikart.com\/index.php?rest_route=%2Fwp%2Fv2%2Fproduct_cat&post=8760"},{"taxonomy":"product_tag","embeddable":true,"href":"https:\/\/numerikart.com\/index.php?rest_route=%2Fwp%2Fv2%2Fproduct_tag&post=8760"}],"curies":[{"name":"wp","href":"https:\/\/api.w.org\/{rel}","templated":true}]}}