{"id":8787,"date":"2022-09-05T15:48:08","date_gmt":"2022-09-05T14:48:08","guid":{"rendered":"https:\/\/numerikart.com\/?post_type=product&#038;p=8787"},"modified":"2025-03-13T15:43:46","modified_gmt":"2025-03-13T14:43:46","slug":"design-infographie","status":"publish","type":"product","link":"https:\/\/numerikart.com\/?product=design-infographie","title":{"rendered":"Cr\u00e9ation visuel"},"content":{"rendered":"<p>Identit\u00e9 visuelle et logotype,<br \/>\ndesign et charte graphique,<br \/>\ninterface web,<br \/>\ndesign multim\u00e9dia,<br \/>\nmaquette publicitaire\u2026<br \/>\nQuels que soient les supports papier \u00e0 mettre en place, nous avons les<br \/>\ncomp\u00e9tences pour satisfaire les exigences de votre strat\u00e9gie de communication, de la plus simple \u00e0 la plus pointue.<br \/>\nV\u00e9ritable vecteur d\u2019expertises, nous donnons leur pleine dimension aux<br \/>\nobjectifs du service marketing \u00e0 travers des concepts aboutis et respectueux<br \/>\ndes imp\u00e9ratifs techniques de la cha\u00eene graphique.<br \/>\nCr\u00e9er une forte personnalit\u00e9, mettre en place des projets novateurs exprimant l\u2019originalit\u00e9 du concept et permettant d\u2019obtenir un r\u00e9el impact, sont<br \/>\npour notre \u00e9quipe de r\u00e9els enjeux.<\/p>\n<div class=\"wpforms-container black\" id=\"wpforms-8843\"><form id=\"wpforms-form-8843\" class=\"wpforms-validate wpforms-form wpforms-ajax-form\" data-formid=\"8843\" method=\"post\" enctype=\"multipart\/form-data\" action=\"\/index.php?rest_route=%2Fwp%2Fv2%2Fproduct%2F8787\" data-token=\"2a3ad0a30d3dd0bf694aca3478dd01dd\"><noscript class=\"wpforms-error-noscript\">Veuillez activer JavaScript dans votre navigateur pour remplir ce formulaire.<\/noscript><div class=\"wpforms-field-container\"><div id=\"wpforms-8843-field_1-container\" class=\"wpforms-field wpforms-field-name\" data-field-id=\"1\"><label class=\"wpforms-field-label\" for=\"wpforms-8843-field_1\">Nom et Pr\u00e9nom <span class=\"wpforms-required-label\">*<\/span><\/label><div class=\"wpforms-field-row wpforms-field-medium\"><div class=\"wpforms-field-row-block wpforms-first wpforms-one-half\"><input type=\"text\" id=\"wpforms-8843-field_1\" class=\"wpforms-field-name-first wpforms-field-required\" name=\"wpforms[fields][1][first]\" required><label for=\"wpforms-8843-field_1\" class=\"wpforms-field-sublabel after \">Pr\u00e9nom<\/label><\/div><div class=\"wpforms-field-row-block wpforms-one-half\"><input type=\"text\" id=\"wpforms-8843-field_1-last\" class=\"wpforms-field-name-last wpforms-field-required\" name=\"wpforms[fields][1][last]\" required><label for=\"wpforms-8843-field_1-last\" class=\"wpforms-field-sublabel after \">Nom<\/label><\/div><\/div><\/div><div id=\"wpforms-8843-field_2-container\" class=\"wpforms-field wpforms-field-email\" data-field-id=\"2\"><label class=\"wpforms-field-label\" for=\"wpforms-8843-field_2\">Email<\/label><input type=\"email\" id=\"wpforms-8843-field_2\" class=\"wpforms-field-medium\" name=\"wpforms[fields][2]\" spellcheck=\"false\" ><\/div><div id=\"wpforms-8843-field_7-container\" class=\"wpforms-field wpforms-field-phone\" data-field-id=\"7\"><label class=\"wpforms-field-label\" for=\"wpforms-8843-field_7\">T\u00e9l\u00e9phone <span class=\"wpforms-required-label\">*<\/span><\/label><input type=\"tel\" id=\"wpforms-8843-field_7\" class=\"wpforms-field-medium wpforms-field-required wpforms-smart-phone-field\" data-rule-smart-phone-field=\"true\" name=\"wpforms[fields][7]\" required><\/div><div id=\"wpforms-8843-field_3-container\" class=\"wpforms-field wpforms-field-text\" data-field-id=\"3\"><label class=\"wpforms-field-label\" for=\"wpforms-8843-field_3\">Nom de votre entreprise<\/label><input type=\"text\" id=\"wpforms-8843-field_3\" class=\"wpforms-field-medium\" name=\"wpforms[fields][3]\" ><\/div><div id=\"wpforms-8843-field_4-container\" class=\"wpforms-field wpforms-field-radio\" data-field-id=\"4\"><label class=\"wpforms-field-label\" for=\"wpforms-8843-field_4\">Pour quelle service souhaitez-vous r\u00e9server ? <span class=\"wpforms-required-label\">*<\/span><\/label><ul id=\"wpforms-8843-field_4\" class=\"wpforms-field-required\"><li class=\"choice-1 depth-1\"><input type=\"radio\" id=\"wpforms-8843-field_4_1\" name=\"wpforms[fields][4]\" value=\"Cr\u00e9ation Affiches\" required ><label class=\"wpforms-field-label-inline\" for=\"wpforms-8843-field_4_1\">Cr\u00e9ation Affiches<\/label><\/li><li class=\"choice-2 depth-1\"><input type=\"radio\" id=\"wpforms-8843-field_4_2\" name=\"wpforms[fields][4]\" value=\"Cr\u00e9ation Logo\" required ><label class=\"wpforms-field-label-inline\" for=\"wpforms-8843-field_4_2\">Cr\u00e9ation Logo<\/label><\/li><li class=\"choice-6 depth-1\"><input type=\"radio\" id=\"wpforms-8843-field_4_6\" name=\"wpforms[fields][4]\" value=\"Cr\u00e9ation Carte de visite \" required ><label class=\"wpforms-field-label-inline\" for=\"wpforms-8843-field_4_6\">Cr\u00e9ation Carte de visite <\/label><\/li><li class=\"choice-8 depth-1\"><input type=\"radio\" id=\"wpforms-8843-field_4_8\" name=\"wpforms[fields][4]\" value=\"Cr\u00e9ation Flyers\" required ><label class=\"wpforms-field-label-inline\" for=\"wpforms-8843-field_4_8\">Cr\u00e9ation Flyers<\/label><\/li><li class=\"choice-9 depth-1\"><input type=\"radio\" id=\"wpforms-8843-field_4_9\" name=\"wpforms[fields][4]\" value=\"Cr\u00e9ation papier ent\u00eate \" required ><label class=\"wpforms-field-label-inline\" for=\"wpforms-8843-field_4_9\">Cr\u00e9ation papier ent\u00eate <\/label><\/li><li class=\"choice-10 depth-1\"><input type=\"radio\" id=\"wpforms-8843-field_4_10\" name=\"wpforms[fields][4]\" value=\"Autres\" required ><label class=\"wpforms-field-label-inline\" for=\"wpforms-8843-field_4_10\">Autres<\/label><\/li><\/ul><\/div><div id=\"wpforms-8843-field_6-container\" class=\"wpforms-field wpforms-field-textarea\" data-field-id=\"6\"><label class=\"wpforms-field-label\" for=\"wpforms-8843-field_6\">Questions ou Commentaires<\/label><textarea id=\"wpforms-8843-field_6\" class=\"wpforms-field-medium\" name=\"wpforms[fields][6]\" ><\/textarea><\/div><\/div><!-- .wpforms-field-container --><div class=\"wpforms-submit-container\" ><input type=\"hidden\" name=\"wpforms[id]\" value=\"8843\"><input type=\"hidden\" name=\"wpforms[author]\" value=\"1\"><button type=\"submit\" name=\"wpforms[submit]\" id=\"wpforms-submit-8843\" class=\"wpforms-submit\" data-alt-text=\"Envoi...\" data-submit-text=\"Envoyer \" aria-live=\"assertive\" value=\"wpforms-submit\">Envoyer <\/button><img decoding=\"async\" src=\"https:\/\/numerikart.com\/wp-content\/plugins\/wpforms\/assets\/images\/submit-spin.svg\" class=\"wpforms-submit-spinner\" style=\"display: none;\" width=\"26\" height=\"26\" alt=\"Chargement en cours\"><\/div><\/form><\/div>  <!-- .wpforms-container -->\n","protected":false},"excerpt":{"rendered":"<p>V\u00e9ritable vecteur d\u2019expertises, nous donnons leur pleine dimension aux<br \/>\nobjectifs du service marketing \u00e0 travers des concepts aboutis et respectueux<br \/>\ndes imp\u00e9ratifs techniques de la cha\u00eene graphique.<\/p>\n","protected":false},"featured_media":10613,"comment_status":"open","ping_status":"closed","template":"","meta":{"site-sidebar-layout":"default","site-content-layout":"default","ast-global-header-display":"","ast-banner-title-visibility":"","ast-main-header-display":"","ast-hfb-above-header-display":"","ast-hfb-below-header-display":"","ast-hfb-mobile-header-display":"","site-post-title":"","ast-breadcrumbs-content":"","ast-featured-img":"","footer-sml-layout":"","theme-transparent-header-meta":"default","adv-header-id-meta":"","stick-header-meta":"","header-above-stick-meta":"","header-main-stick-meta":"","header-below-stick-meta":""},"product_brand":[],"product_cat":[100,92,96],"product_tag":[94,95,93],"class_list":{"0":"post-8787","1":"product","2":"type-product","3":"status-publish","4":"has-post-thumbnail","6":"product_cat-creation-visuel","7":"product_cat-design-graphique","8":"product_cat-solution-web","9":"product_tag-conception","10":"product_tag-design","11":"product_tag-infographie","12":"desktop-align-left","13":"tablet-align-left","14":"mobile-align-left","16":"first","17":"instock","18":"virtual","19":"taxable","20":"product-type-simple"},"_links":{"self":[{"href":"https:\/\/numerikart.com\/index.php?rest_route=\/wp\/v2\/product\/8787","targetHints":{"allow":["GET"]}}],"collection":[{"href":"https:\/\/numerikart.com\/index.php?rest_route=\/wp\/v2\/product"}],"about":[{"href":"https:\/\/numerikart.com\/index.php?rest_route=\/wp\/v2\/types\/product"}],"replies":[{"embeddable":true,"href":"https:\/\/numerikart.com\/index.php?rest_route=%2Fwp%2Fv2%2Fcomments&post=8787"}],"wp:featuredmedia":[{"embeddable":true,"href":"https:\/\/numerikart.com\/index.php?rest_route=\/wp\/v2\/media\/10613"}],"wp:attachment":[{"href":"https:\/\/numerikart.com\/index.php?rest_route=%2Fwp%2Fv2%2Fmedia&parent=8787"}],"wp:term":[{"taxonomy":"product_brand","embeddable":true,"href":"https:\/\/numerikart.com\/index.php?rest_route=%2Fwp%2Fv2%2Fproduct_brand&post=8787"},{"taxonomy":"product_cat","embeddable":true,"href":"https:\/\/numerikart.com\/index.php?rest_route=%2Fwp%2Fv2%2Fproduct_cat&post=8787"},{"taxonomy":"product_tag","embeddable":true,"href":"https:\/\/numerikart.com\/index.php?rest_route=%2Fwp%2Fv2%2Fproduct_tag&post=8787"}],"curies":[{"name":"wp","href":"https:\/\/api.w.org\/{rel}","templated":true}]}}